{"id":2150,"date":"2023-09-19T16:46:42","date_gmt":"2023-09-19T16:46:42","guid":{"rendered":"https:\/\/leecotrading.com\/antes-de-la-embarcacion-perspectivas-del-mercado-agricola-y-automotriz\/"},"modified":"2023-09-19T17:00:07","modified_gmt":"2023-09-19T17:00:07","slug":"antes-de-la-embarcacion-perspectivas-del-mercado-agricola-y-automotriz","status":"publish","type":"page","link":"https:\/\/leecotrading.com\/es\/antes-de-la-embarcacion-perspectivas-del-mercado-agricola-y-automotriz\/","title":{"rendered":"Antes de la embarcaci\u00f3n: perspectivas del mercado agr\u00edcola y automotriz"},"content":{"rendered":"<div class=\"fusion-fullwidth fullwidth-box fusion-builder-row-1 nonhundred-percent-fullwidth non-hundred-percent-height-scrolling\" style=\"--awb-border-radius-top-left:0px;--awb-border-radius-top-right:0px;--awb-border-radius-bottom-right:0px;--awb-border-radius-bottom-left:0px;--awb-flex-wrap:wrap;\" ><div class=\"fusion-builder-row fusion-row\"><div class=\"fusion-layout-column fusion_builder_column fusion-builder-column-0 fusion_builder_column_1_6 1_6 fusion-one-sixth fusion-column-first fusion-no-small-visibility fusion-no-medium-visibility\" style=\"--awb-bg-size:cover;width:16.666666666667%;width:calc(16.666666666667% - ( ( 4% + 4% ) * 0.16666666666667 ) );margin-right: 4%;\"><div class=\"fusion-column-wrapper fusion-flex-column-wrapper-legacy\"><div class=\"fusion-clearfix\"><\/div><\/div><\/div><div class=\"fusion-layout-column fusion_builder_column fusion-builder-column-1 fusion_builder_column_2_3 2_3 fusion-two-third\" style=\"--awb-bg-size:cover;--awb-margin-bottom:40px;width:66.666666666667%;width:calc(66.666666666667% - ( ( 4% + 4% ) * 0.66666666666667 ) );margin-right: 4%;\"><div class=\"fusion-column-wrapper fusion-flex-column-wrapper-legacy\"><div class=\"fusion-text fusion-text-1\"><h1>Antes de la embarcaci\u00f3n: perspectivas del mercado agr\u00edcola y automotriz<\/h1>\n<\/div><div class=\"fusion-text fusion-text-2\"><p>Las industrias agr\u00edcola y automotriz se encuentran entre las m\u00e1s grandes de Am\u00e9rica Latina y ambas desempe\u00f1an un papel importante en el impulso del crecimiento econ\u00f3mico en toda la regi\u00f3n. Pero\u2026 \u00bfqu\u00e9 fuerzas del mercado actualmente afectan estas industrias? \u00bfY qu\u00e9 direcci\u00f3n tomar\u00e1n los sectores en los pr\u00f3ximos a\u00f1os?  <\/p>\n<p>Antonio Rosset, director comercial de Leeco Trading, comparte informaci\u00f3n clave sobre los mercados agr\u00edcola y automotriz de Am\u00e9rica Latina que las empresas deben conocer.<\/p>\n<p>Mire el video a continuaci\u00f3n para conocer todas las opiniones de Antonio.<\/p>\n<\/div><div class=\"fusion-video fusion-youtube\" style=\"--awb-max-width:600px;--awb-max-height:360px;\"><div class=\"video-shortcode\"><div class=\"fluid-width-video-wrapper\" style=\"padding-top:60%;\" ><iframe title=\"YouTube video player 1\" data-src=\"https:\/\/www.youtube.com\/embed\/a8L9TGNXHaA?wmode=transparent&autoplay=0\" width=\"600\" height=\"360\" allowfullscreen allow=\"autoplay; clipboard-write; encrypted-media; gyroscope; picture-in-picture;\" src=\"data:image\/svg+xml;base64,PHN2ZyB3aWR0aD0iMSIgaGVpZ2h0PSIxIiB4bWxucz0iaHR0cDovL3d3dy53My5vcmcvMjAwMC9zdmciPjwvc3ZnPg==\" class=\"lazyload\" data-load-mode=\"1\"><\/iframe><\/div><\/div><\/div><div class=\"fusion-sep-clear\"><\/div><div class=\"fusion-separator fusion-full-width-sep\" style=\"margin-left: auto;margin-right: auto;width:100%;\"><\/div><div class=\"fusion-sep-clear\"><\/div><div class=\"fusion-text fusion-text-3\"><p>\u00bfQuiere m\u00e1s informaci\u00f3n sobre el comercio internacional? <a href=\"https:\/\/leecotrading.com\/es\/category\/educational-es\/\">Consulte nuestra biblioteca de art\u00edculos de blogs educativos<\/a> o <a href=\"https:\/\/leecotrading.com\/es\/contactar-a-leeco-trading\/\">p\u00f3ngase en contacto con nuestro equipo<\/a> para que lo agreguemos a nuestra lista de distribuci\u00f3n mensual de boletines informativos de perspectivas comerciales.<\/p>\n<\/div><div class=\"fusion-clearfix\"><\/div><\/div><\/div><div class=\"fusion-layout-column fusion_builder_column fusion-builder-column-2 fusion_builder_column_1_6 1_6 fusion-one-sixth fusion-column-last fusion-no-small-visibility fusion-no-medium-visibility\" style=\"--awb-bg-size:cover;width:16.666666666667%;width:calc(16.666666666667% - ( ( 4% + 4% ) * 0.16666666666667 ) );\"><div class=\"fusion-column-wrapper fusion-flex-column-wrapper-legacy\"><div class=\"fusion-clearfix\"><\/div><\/div><\/div><\/div><\/div>\n","protected":false},"excerpt":{"rendered":"","protected":false},"author":3,"featured_media":0,"parent":0,"menu_order":0,"comment_status":"closed","ping_status":"closed","template":"","meta":{"footnotes":""},"class_list":["post-2150","page","type-page","status-publish","hentry"],"aioseo_notices":[],"_links":{"self":[{"href":"https:\/\/leecotrading.com\/es\/wp-json\/wp\/v2\/pages\/2150","targetHints":{"allow":["GET"]}}],"collection":[{"href":"https:\/\/leecotrading.com\/es\/wp-json\/wp\/v2\/pages"}],"about":[{"href":"https:\/\/leecotrading.com\/es\/wp-json\/wp\/v2\/types\/page"}],"author":[{"embeddable":true,"href":"https:\/\/leecotrading.com\/es\/wp-json\/wp\/v2\/users\/3"}],"replies":[{"embeddable":true,"href":"https:\/\/leecotrading.com\/es\/wp-json\/wp\/v2\/comments?post=2150"}],"version-history":[{"count":7,"href":"https:\/\/leecotrading.com\/es\/wp-json\/wp\/v2\/pages\/2150\/revisions"}],"predecessor-version":[{"id":2159,"href":"https:\/\/leecotrading.com\/es\/wp-json\/wp\/v2\/pages\/2150\/revisions\/2159"}],"wp:attachment":[{"href":"https:\/\/leecotrading.com\/es\/wp-json\/wp\/v2\/media?parent=2150"}],"curies":[{"name":"wp","href":"https:\/\/api.w.org\/{rel}","templated":true}]}}