{"id":2074,"date":"2023-05-15T15:32:25","date_gmt":"2023-05-15T15:32:25","guid":{"rendered":"https:\/\/leecotrading.com\/?page_id=2074"},"modified":"2023-05-15T15:34:30","modified_gmt":"2023-05-15T15:34:30","slug":"galeria-de-videos","status":"publish","type":"page","link":"https:\/\/leecotrading.com\/es\/acerca-de-leeco-steel\/galeria-de-videos\/","title":{"rendered":"Galer\u00eda de videos"},"content":{"rendered":"<div class=\"fusion-fullwidth fullwidth-box fusion-builder-row-1 nonhundred-percent-fullwidth non-hundred-percent-height-scrolling\" style=\"--awb-border-radius-top-left:0px;--awb-border-radius-top-right:0px;--awb-border-radius-bottom-right:0px;--awb-border-radius-bottom-left:0px;--awb-flex-wrap:wrap;\" ><div class=\"fusion-builder-row fusion-row\"><div class=\"fusion-layout-column fusion_builder_column fusion-builder-column-0 fusion_builder_column_1_1 1_1 fusion-one-full fusion-column-first fusion-column-last\" style=\"--awb-bg-size:cover;--awb-margin-bottom:40px;\"><div class=\"fusion-column-wrapper fusion-flex-column-wrapper-legacy\"><div class=\"fusion-text fusion-text-1\"><p>Vea nuestros videos para obtener m\u00e1s informaci\u00f3n sobre nuestra compa\u00f1\u00eda y nuestros productos y para adquirir conocimientos valiosos sobre el comercio internacional.<\/p>\n<\/div><div class=\"fusion-clearfix\"><\/div><\/div><\/div><div class=\"fusion-layout-column fusion_builder_column fusion-builder-column-1 fusion_builder_column_1_2 1_2 fusion-one-half fusion-column-first\" style=\"--awb-bg-size:cover;width:50%;width:calc(50% - ( ( 4% ) * 0.5 ) );margin-right: 4%;\"><div class=\"fusion-column-wrapper fusion-flex-column-wrapper-legacy\"><div class=\"fusion-video fusion-youtube\" style=\"--awb-max-width:600px;--awb-max-height:360px;\"><div class=\"video-shortcode\"><div class=\"fluid-width-video-wrapper\" style=\"padding-top:60%;\" ><iframe title=\"YouTube video player 1\" data-src=\"https:\/\/www.youtube.com\/embed\/ECRQQ76sRDA?wmode=transparent&autoplay=0\" width=\"600\" height=\"360\" allowfullscreen allow=\"autoplay; clipboard-write; encrypted-media; gyroscope; picture-in-picture;\" src=\"data:image\/svg+xml;base64,PHN2ZyB3aWR0aD0iMSIgaGVpZ2h0PSIxIiB4bWxucz0iaHR0cDovL3d3dy53My5vcmcvMjAwMC9zdmciPjwvc3ZnPg==\" class=\"lazyload\" data-load-mode=\"1\"><\/iframe><\/div><\/div><\/div><div class=\"fusion-text fusion-text-2\"><h3>Socios en el comercio internacional: Leeco Trading<\/h3>\n<\/div><div class=\"fusion-text fusion-text-3\"><p>Leeco Trading es una empresa internacional de comercio de materias primas con m\u00e1s de 140 a\u00f1os de experiencia en el transporte de bienes f\u00edsicos y materias primas desde su origen hasta donde se necesitan. Nos especializamos en la b\u00fasqueda y el suministro de metal y productos qu\u00edmicos finos a clientes a lo largo de Am\u00e9rica Latina y Sudam\u00e9rica, al igual que a clientes de Europa y Asia.<\/p>\n<\/div><div class=\"fusion-clearfix\"><\/div><\/div><\/div><div class=\"fusion-layout-column fusion_builder_column fusion-builder-column-2 fusion_builder_column_1_2 1_2 fusion-one-half fusion-column-last\" style=\"--awb-bg-size:cover;width:50%;width:calc(50% - ( ( 4% ) * 0.5 ) );\"><div class=\"fusion-column-wrapper fusion-flex-column-wrapper-legacy\"><div class=\"fusion-video fusion-youtube\" style=\"--awb-max-width:600px;--awb-max-height:360px;\"><div class=\"video-shortcode\"><div class=\"fluid-width-video-wrapper\" style=\"padding-top:60%;\" ><iframe title=\"YouTube video player 2\" data-src=\"https:\/\/www.youtube.com\/embed\/D7EFg4LVFI4?wmode=transparent&autoplay=0\" width=\"600\" height=\"360\" allowfullscreen allow=\"autoplay; clipboard-write; encrypted-media; gyroscope; picture-in-picture;\" src=\"data:image\/svg+xml;base64,PHN2ZyB3aWR0aD0iMSIgaGVpZ2h0PSIxIiB4bWxucz0iaHR0cDovL3d3dy53My5vcmcvMjAwMC9zdmciPjwvc3ZnPg==\" class=\"lazyload\" data-load-mode=\"1\"><\/iframe><\/div><\/div><\/div><div class=\"fusion-text fusion-text-4\"><h3>Antes de la embarcaci\u00f3n: c\u00f3mo importar materias primas<\/h3>\n<\/div><div class=\"fusion-text fusion-text-5\"><p>Desde la reducci\u00f3n de costos de producci\u00f3n hasta la mejora del flujo de caja, la importaci\u00f3n de materias primas puede beneficiar a los fabricantes de varias maneras. Pero, \u00bfcu\u00e1l es el plazo de entrega habitual de un pedido de comercio internacional? \u00bfY c\u00f3mo funcionan las l\u00edneas de cr\u00e9dito internacionales? Antonio Rosset, director comercial de Leeco Trading, aborda estos temas y otros m\u00e1s al compartir informaci\u00f3n clave sobre la importaci\u00f3n de materias primas.<\/p>\n<\/div><div class=\"fusion-clearfix\"><\/div><\/div><\/div><div class=\"fusion-layout-column fusion_builder_column fusion-builder-column-3 fusion_builder_column_1_1 1_1 fusion-one-full fusion-column-first fusion-column-last\" style=\"--awb-bg-size:cover;--awb-margin-bottom:40px;\"><div class=\"fusion-column-wrapper fusion-flex-column-wrapper-legacy\"><div class=\"fusion-text fusion-text-6\"><p>\u00bfTiene alguna pregunta sobre nuestros productos o servicios? Comun\u00edquese hoy mismo con nuestro equipo para hablar con un representante con experiencia.<\/p>\n<\/div><div class=\"fusion-aligncenter\"><a class=\"fusion-button button-flat fusion-button-default-size button-custom fusion-button-default button-1 fusion-button-default-span fusion-button-default-type\" style=\"--button_accent_color:#f2f2f2;--button_accent_hover_color:#f2f2f2;--button_border_hover_color:#105378;--button_gradient_top_color:#e0bb38;--button_gradient_bottom_color:#e0bb38;--button_gradient_top_color_hover:#e0bb38;--button_gradient_bottom_color_hover:#e0bb38;\" target=\"_self\" href=\"https:\/\/leecotrading.com\/es\/contactar-a-leeco-trading\/\"><span class=\"fusion-button-text awb-button__text awb-button__text--default\">P\u00d3NGASE EN CONTACTO CON LEECO TRADING<\/span><\/a><\/div><div class=\"fusion-clearfix\"><\/div><\/div><\/div><\/div><\/div>\n","protected":false},"excerpt":{"rendered":"","protected":false},"author":3,"featured_media":0,"parent":1585,"menu_order":0,"comment_status":"closed","ping_status":"closed","template":"100-width.php","meta":{"footnotes":""},"class_list":["post-2074","page","type-page","status-publish","hentry"],"aioseo_notices":[],"_links":{"self":[{"href":"https:\/\/leecotrading.com\/es\/wp-json\/wp\/v2\/pages\/2074","targetHints":{"allow":["GET"]}}],"collection":[{"href":"https:\/\/leecotrading.com\/es\/wp-json\/wp\/v2\/pages"}],"about":[{"href":"https:\/\/leecotrading.com\/es\/wp-json\/wp\/v2\/types\/page"}],"author":[{"embeddable":true,"href":"https:\/\/leecotrading.com\/es\/wp-json\/wp\/v2\/users\/3"}],"replies":[{"embeddable":true,"href":"https:\/\/leecotrading.com\/es\/wp-json\/wp\/v2\/comments?post=2074"}],"version-history":[{"count":9,"href":"https:\/\/leecotrading.com\/es\/wp-json\/wp\/v2\/pages\/2074\/revisions"}],"predecessor-version":[{"id":2098,"href":"https:\/\/leecotrading.com\/es\/wp-json\/wp\/v2\/pages\/2074\/revisions\/2098"}],"up":[{"embeddable":true,"href":"https:\/\/leecotrading.com\/es\/wp-json\/wp\/v2\/pages\/1585"}],"wp:attachment":[{"href":"https:\/\/leecotrading.com\/es\/wp-json\/wp\/v2\/media?parent=2074"}],"curies":[{"name":"wp","href":"https:\/\/api.w.org\/{rel}","templated":true}]}}