{"id":2009,"date":"2019-10-31T03:32:42","date_gmt":"2019-10-31T03:32:42","guid":{"rendered":"https:\/\/leecotrading.com\/servicios\/"},"modified":"2023-03-29T16:43:19","modified_gmt":"2023-03-29T16:43:19","slug":"servicios","status":"publish","type":"page","link":"https:\/\/leecotrading.com\/es\/servicios\/","title":{"rendered":"Servicios"},"content":{"rendered":"<p><div class=\"fusion-fullwidth fullwidth-box fusion-builder-row-1 nonhundred-percent-fullwidth non-hundred-percent-height-scrolling\" style=\"--awb-border-radius-top-left:0px;--awb-border-radius-top-right:0px;--awb-border-radius-bottom-right:0px;--awb-border-radius-bottom-left:0px;--awb-padding-bottom:30px;--awb-background-color:#ffffff;--awb-flex-wrap:wrap;\" ><div class=\"fusion-builder-row fusion-row\"><div class=\"fusion-layout-column fusion_builder_column fusion-builder-column-0 fusion_builder_column_1_1 1_1 fusion-one-full fusion-column-first fusion-column-last fusion-animated\" style=\"--awb-bg-size:cover;--awb-margin-bottom:0px;\" data-animationType=\"fadeInLeft\" data-animationDuration=\"0.8\" data-animationOffset=\"top-into-view\"><div class=\"fusion-column-wrapper fusion-flex-column-wrapper-legacy\"><div class=\"fusion-title title fusion-title-1 fusion-sep-none fusion-title-text fusion-title-size-two\" style=\"--awb-text-color:#58a4b0;--awb-margin-top:0px;--awb-margin-bottom:0px;--awb-margin-top-small:0px;--awb-margin-right-small:0px;--awb-margin-bottom-small:20px;--awb-margin-left-small:0px;\"><h2 class=\"fusion-title-heading title-heading-left fusion-responsive-typography-calculated\" style=\"margin:0;--fontSize:46;line-height:1.25;\">Servicios de comercio internacional<\/h2><\/div><div class=\"fusion-sep-clear\"><\/div><div class=\"fusion-separator fusion-no-small-visibility fusion-no-medium-visibility fusion-full-width-sep\" style=\"margin-left: auto;margin-right: auto;margin-top:20px;width:100%;\"><\/div><div class=\"fusion-sep-clear\"><\/div><div class=\"fusion-text fusion-text-1\"><p>Leeco Trading es m\u00e1s que un comprador tercero. Nos esforzamos por ser una extensi\u00f3n de su equipo ofreci\u00e9ndole una serie de servicios de valor a\u00f1adido destinados a ayudarle a reducir costes y acelerar sus plazos de contrataci\u00f3n. Leeco Trading facilita la adquisici\u00f3n del material que necesita eliminando el estr\u00e9s de las compras internacionales.<\/p>\n<p>El experimentado equipo de Leeco Trading est\u00e1 listo para presupuestar su pr\u00f3ximo proyecto. Para enviar un presupuesto o conocer m\u00e1s detalles sobre los servicios de Leeco, <a href=\"https:\/\/leecotrading.com\/es\/contactar-a-leeco-trading\/\">p\u00f3ngase en contacto con nosotros<\/a> hoy mismo.<\/p>\n<\/div><div class=\"fusion-clearfix\"><\/div><\/div><\/div><\/div><\/div><div class=\"fusion-fullwidth fullwidth-box fusion-builder-row-2 nonhundred-percent-fullwidth non-hundred-percent-height-scrolling fusion-no-small-visibility\" style=\"--awb-border-radius-top-left:0px;--awb-border-radius-top-right:0px;--awb-border-radius-bottom-right:0px;--awb-border-radius-bottom-left:0px;--awb-padding-top:30px;--awb-padding-bottom:30px;--awb-background-color:#f2f3f3;--awb-flex-wrap:wrap;\" ><div class=\"fusion-builder-row fusion-row\"><div class=\"fusion-layout-column fusion_builder_column fusion-builder-column-1 fusion_builder_column_1_2 1_2 fusion-one-half fusion-column-first fusion-animated\" style=\"--awb-bg-size:cover;--awb-margin-bottom:0px;width:50%;width:calc(50% - ( ( 6% ) * 0.5 ) );margin-right: 6%;\" data-animationType=\"fadeInLeft\" data-animationDuration=\"0.8\" data-animationOffset=\"top-into-view\"><div class=\"fusion-column-wrapper fusion-flex-column-wrapper-legacy\"><div class=\"fusion-title title fusion-title-2 fusion-sep-none fusion-title-text fusion-title-size-three\" style=\"--awb-text-color:#58a4b0;--awb-margin-top:0px;--awb-margin-bottom:0px;--awb-margin-top-small:0px;--awb-margin-right-small:0px;--awb-margin-bottom-small:20px;--awb-margin-left-small:0px;\"><h3 class=\"fusion-title-heading title-heading-left fusion-responsive-typography-calculated\" style=\"margin:0;--fontSize:26;--minFontSize:26;line-height:1.3;\">Nos encargamos de la log\u00edstica<\/h3><\/div><div class=\"fusion-sep-clear\"><\/div><div class=\"fusion-separator fusion-no-small-visibility fusion-no-medium-visibility fusion-full-width-sep\" style=\"margin-left: auto;margin-right: auto;margin-top:20px;width:100%;\"><\/div><div class=\"fusion-sep-clear\"><\/div><div class=\"fusion-text fusion-text-2\"><p>El experimentado equipo de Leeco Trading organiza h\u00e1bilmente el transporte fiable y eficiente de los materiales comprados para que su equipo no tenga que hacerlo. Desde el lugar de producci\u00f3n hasta el lugar de entrega, Leeco Trading se encarga de la investigaci\u00f3n de antecedentes del transportista, la programaci\u00f3n de la carga y los tr\u00e1mites aduaneros.<\/p>\n<\/div><div class=\"fusion-clearfix\"><\/div><\/div><\/div><div class=\"fusion-layout-column fusion_builder_column fusion-builder-column-2 fusion_builder_column_1_2 1_2 fusion-one-half fusion-column-last\" style=\"--awb-bg-size:cover;width:50%;width:calc(50% - ( ( 6% ) * 0.5 ) );\"><div class=\"fusion-column-wrapper fusion-column-has-shadow fusion-flex-column-wrapper-legacy\"><div class=\"fusion-image-element in-legacy-container\" style=\"--awb-caption-title-font-family:var(--h2_typography-font-family);--awb-caption-title-font-weight:var(--h2_typography-font-weight);--awb-caption-title-font-style:var(--h2_typography-font-style);--awb-caption-title-size:var(--h2_typography-font-size);--awb-caption-title-transform:var(--h2_typography-text-transform);--awb-caption-title-line-height:var(--h2_typography-line-height);--awb-caption-title-letter-spacing:var(--h2_typography-letter-spacing);\"><span class=\" fusion-imageframe imageframe-none imageframe-1 hover-type-none fusion-animated\" data-animationType=\"fadeInLeft\" data-animationDuration=\"0.3\" data-animationOffset=\"top-into-view\"><img decoding=\"async\" width=\"1920\" height=\"1280\" alt=\"Leeco Trading en log\u00edstica de carga\" title=\"Logistics Management | Leeco Trading\" src=\"https:\/\/leecotrading.com\/wp-content\/uploads\/2019\/11\/leecotrading-logistics-management.jpg\" class=\"img-responsive wp-image-1508\" srcset=\"https:\/\/leecotrading.com\/wp-content\/uploads\/2019\/11\/leecotrading-logistics-management-200x133.jpg 200w, https:\/\/leecotrading.com\/wp-content\/uploads\/2019\/11\/leecotrading-logistics-management-400x267.jpg 400w, https:\/\/leecotrading.com\/wp-content\/uploads\/2019\/11\/leecotrading-logistics-management-600x400.jpg 600w, https:\/\/leecotrading.com\/wp-content\/uploads\/2019\/11\/leecotrading-logistics-management-800x533.jpg 800w, https:\/\/leecotrading.com\/wp-content\/uploads\/2019\/11\/leecotrading-logistics-management-1200x800.jpg 1200w, https:\/\/leecotrading.com\/wp-content\/uploads\/2019\/11\/leecotrading-logistics-management.jpg 1920w\" sizes=\"(max-width: 1000px) 100vw, 600px\" \/><\/span><\/div><div class=\"fusion-clearfix\"><\/div><\/div><\/div><\/div><\/div><div class=\"fusion-fullwidth fullwidth-box fusion-builder-row-3 nonhundred-percent-fullwidth non-hundred-percent-height-scrolling fusion-no-medium-visibility fusion-no-large-visibility\" style=\"--awb-border-radius-top-left:0px;--awb-border-radius-top-right:0px;--awb-border-radius-bottom-right:0px;--awb-border-radius-bottom-left:0px;--awb-padding-top:30px;--awb-padding-bottom:30px;--awb-background-color:#f2f3f3;--awb-flex-wrap:wrap;\" ><div class=\"fusion-builder-row fusion-row\"><div class=\"fusion-layout-column fusion_builder_column fusion-builder-column-3 fusion_builder_column_1_1 1_1 fusion-one-full fusion-column-first fusion-column-last fusion-animated\" style=\"--awb-bg-size:cover;--awb-margin-bottom:0px;\" data-animationType=\"fadeInLeft\" data-animationDuration=\"0.8\" data-animationOffset=\"top-into-view\"><div class=\"fusion-column-wrapper fusion-flex-column-wrapper-legacy\"><div class=\"fusion-title title fusion-title-3 fusion-sep-none fusion-title-text fusion-title-size-three\" style=\"--awb-text-color:#58a4b0;--awb-margin-top:0px;--awb-margin-bottom:0px;--awb-margin-top-small:0px;--awb-margin-right-small:0px;--awb-margin-bottom-small:20px;--awb-margin-left-small:0px;\"><h3 class=\"fusion-title-heading title-heading-left fusion-responsive-typography-calculated\" style=\"margin:0;--fontSize:26;--minFontSize:26;line-height:1.3;\"><p style=\"text-align: left;\">Nos encargamos de la log\u00edstica<\/p><\/h3><\/div><div class=\"fusion-sep-clear\"><\/div><div class=\"fusion-separator fusion-no-small-visibility fusion-no-medium-visibility fusion-full-width-sep\" style=\"margin-left: auto;margin-right: auto;margin-top:20px;width:100%;\"><\/div><div class=\"fusion-sep-clear\"><\/div><div class=\"fusion-text fusion-text-3\"><p><img decoding=\"async\" class=\"wp-image-1076 alignleft\" src=\"https:\/\/leecotrading.com\/wp-content\/uploads\/2019\/11\/leecotrading-logistics-management.jpg\" alt=\"Leeco Trading se ocupa de la log\u00edstica de carga\" width=\"500\" height=\"333\" srcset=\"https:\/\/leecotrading.com\/wp-content\/uploads\/2019\/11\/leecotrading-logistics-management-200x133.jpg 200w, https:\/\/leecotrading.com\/wp-content\/uploads\/2019\/11\/leecotrading-logistics-management-300x200.jpg 300w, https:\/\/leecotrading.com\/wp-content\/uploads\/2019\/11\/leecotrading-logistics-management-400x267.jpg 400w, https:\/\/leecotrading.com\/wp-content\/uploads\/2019\/11\/leecotrading-logistics-management-600x400.jpg 600w, https:\/\/leecotrading.com\/wp-content\/uploads\/2019\/11\/leecotrading-logistics-management-768x512.jpg 768w, https:\/\/leecotrading.com\/wp-content\/uploads\/2019\/11\/leecotrading-logistics-management-800x533.jpg 800w, https:\/\/leecotrading.com\/wp-content\/uploads\/2019\/11\/leecotrading-logistics-management-1024x683.jpg 1024w, https:\/\/leecotrading.com\/wp-content\/uploads\/2019\/11\/leecotrading-logistics-management-1200x800.jpg 1200w, https:\/\/leecotrading.com\/wp-content\/uploads\/2019\/11\/leecotrading-logistics-management.jpg 1920w\" sizes=\"(max-width: 500px) 100vw, 500px\" \/><\/p>\n<p style=\"text-align: left;\">El experimentado equipo de Leeco Trading organiza h\u00e1bilmente el transporte fiable y eficiente de los materiales comprados para que su equipo no tenga que hacerlo. Desde el lugar de producci\u00f3n hasta el lugar de entrega, Leeco Trading se encarga de la investigaci\u00f3n de antecedentes del transportista, la programaci\u00f3n de la carga y los tr\u00e1mites aduaneros.<\/p>\n<\/div><div class=\"fusion-clearfix\"><\/div><\/div><\/div><\/div><\/div><div class=\"fusion-fullwidth fullwidth-box fusion-builder-row-4 nonhundred-percent-fullwidth non-hundred-percent-height-scrolling fusion-no-small-visibility\" style=\"--awb-border-radius-top-left:0px;--awb-border-radius-top-right:0px;--awb-border-radius-bottom-right:0px;--awb-border-radius-bottom-left:0px;--awb-padding-top:30px;--awb-padding-bottom:30px;--awb-background-color:#ffffff;--awb-flex-wrap:wrap;\" ><div class=\"fusion-builder-row fusion-row\"><div class=\"fusion-layout-column fusion_builder_column fusion-builder-column-4 fusion_builder_column_1_2 1_2 fusion-one-half fusion-column-first\" style=\"--awb-bg-size:cover;width:50%;width:calc(50% - ( ( 4% ) * 0.5 ) );margin-right: 4%;\"><div class=\"fusion-column-wrapper fusion-column-has-shadow fusion-flex-column-wrapper-legacy\"><div class=\"fusion-image-element in-legacy-container\" style=\"--awb-caption-title-font-family:var(--h2_typography-font-family);--awb-caption-title-font-weight:var(--h2_typography-font-weight);--awb-caption-title-font-style:var(--h2_typography-font-style);--awb-caption-title-size:var(--h2_typography-font-size);--awb-caption-title-transform:var(--h2_typography-text-transform);--awb-caption-title-line-height:var(--h2_typography-line-height);--awb-caption-title-letter-spacing:var(--h2_typography-letter-spacing);\"><span class=\" fusion-imageframe imageframe-none imageframe-2 hover-type-none fusion-animated\" data-animationType=\"fadeInLeft\" data-animationDuration=\"0.3\" data-animationOffset=\"top-into-view\"><img decoding=\"async\" width=\"1620\" height=\"1080\" alt=\"Mejore el flujo de efectivo con Leeco Trading\" title=\"Cash Flow Benefit | Leeco Trading\" src=\"https:\/\/leecotrading.com\/wp-content\/uploads\/2019\/11\/leecotrading-cargo-ship-01-1620x1080.jpg\" class=\"img-responsive wp-image-1503\" srcset=\"https:\/\/leecotrading.com\/wp-content\/uploads\/2019\/11\/leecotrading-cargo-ship-01-1620x1080-200x133.jpg 200w, https:\/\/leecotrading.com\/wp-content\/uploads\/2019\/11\/leecotrading-cargo-ship-01-1620x1080-400x267.jpg 400w, https:\/\/leecotrading.com\/wp-content\/uploads\/2019\/11\/leecotrading-cargo-ship-01-1620x1080-600x400.jpg 600w, https:\/\/leecotrading.com\/wp-content\/uploads\/2019\/11\/leecotrading-cargo-ship-01-1620x1080-800x533.jpg 800w, https:\/\/leecotrading.com\/wp-content\/uploads\/2019\/11\/leecotrading-cargo-ship-01-1620x1080-1200x800.jpg 1200w\" sizes=\"(max-width: 1000px) 100vw, 600px\" \/><\/span><\/div><div class=\"fusion-clearfix\"><\/div><\/div><\/div><div class=\"fusion-layout-column fusion_builder_column fusion-builder-column-5 fusion_builder_column_1_2 1_2 fusion-one-half fusion-column-last fusion-animated\" style=\"--awb-bg-size:cover;--awb-margin-bottom:0px;width:50%;width:calc(50% - ( ( 4% ) * 0.5 ) );\" data-animationType=\"fadeInLeft\" data-animationDuration=\"0.8\" data-animationOffset=\"top-into-view\"><div class=\"fusion-column-wrapper fusion-flex-column-wrapper-legacy\"><div class=\"fusion-title title fusion-title-4 fusion-sep-none fusion-title-text fusion-title-size-three\" style=\"--awb-text-color:#58a4b0;--awb-margin-top:0px;--awb-margin-bottom:0px;--awb-margin-top-small:0px;--awb-margin-right-small:0px;--awb-margin-bottom-small:20px;--awb-margin-left-small:0px;\"><h3 class=\"fusion-title-heading title-heading-left fusion-responsive-typography-calculated\" style=\"margin:0;--fontSize:26;--minFontSize:26;line-height:1.3;\">Cr\u00e9dito ampliado para mejorar la tesorer\u00eda<\/h3><\/div><div class=\"fusion-sep-clear\"><\/div><div class=\"fusion-separator fusion-no-small-visibility fusion-no-medium-visibility fusion-full-width-sep\" style=\"margin-left: auto;margin-right: auto;margin-top:20px;width:100%;\"><\/div><div class=\"fusion-sep-clear\"><\/div><div class=\"fusion-text fusion-text-4\"><p>Leeco Trading ayuda a aliviar los problemas de tesorer\u00eda que suele plantear el comercio internacional, en el que a menudo transcurren m\u00e1s de tres meses entre la realizaci\u00f3n de un pedido y la recepci\u00f3n de la mercanc\u00eda. Leeco Trading concede cr\u00e9ditos a los compradores para que paguen las mercanc\u00edas cuando las reciben, en lugar de al principio del proceso de pedido.<\/p>\n<\/div><div class=\"fusion-clearfix\"><\/div><\/div><\/div><\/div><\/div><div class=\"fusion-fullwidth fullwidth-box fusion-builder-row-5 nonhundred-percent-fullwidth non-hundred-percent-height-scrolling fusion-no-medium-visibility fusion-no-large-visibility\" style=\"--awb-border-radius-top-left:0px;--awb-border-radius-top-right:0px;--awb-border-radius-bottom-right:0px;--awb-border-radius-bottom-left:0px;--awb-padding-top:30px;--awb-padding-bottom:30px;--awb-background-color:#ffffff;--awb-flex-wrap:wrap;\" ><div class=\"fusion-builder-row fusion-row\"><div class=\"fusion-layout-column fusion_builder_column fusion-builder-column-6 fusion_builder_column_1_1 1_1 fusion-one-full fusion-column-first fusion-column-last fusion-animated\" style=\"--awb-bg-size:cover;--awb-margin-bottom:0px;\" data-animationType=\"fadeInLeft\" data-animationDuration=\"0.8\" data-animationOffset=\"top-into-view\"><div class=\"fusion-column-wrapper fusion-flex-column-wrapper-legacy\"><div class=\"fusion-title title fusion-title-5 fusion-sep-none fusion-title-text fusion-title-size-three\" style=\"--awb-text-color:#58a4b0;--awb-margin-top:0px;--awb-margin-bottom:0px;--awb-margin-top-small:0px;--awb-margin-right-small:0px;--awb-margin-bottom-small:20px;--awb-margin-left-small:0px;\"><h3 class=\"fusion-title-heading title-heading-left fusion-responsive-typography-calculated\" style=\"margin:0;--fontSize:26;--minFontSize:26;line-height:1.3;\"><p style=\"text-align: left;\">Cr\u00e9dito ampliado para mejorar la tesorer\u00eda<\/p><\/h3><\/div><div class=\"fusion-sep-clear\"><\/div><div class=\"fusion-separator fusion-no-small-visibility fusion-no-medium-visibility fusion-full-width-sep\" style=\"margin-left: auto;margin-right: auto;margin-top:20px;width:100%;\"><\/div><div class=\"fusion-sep-clear\"><\/div><div class=\"fusion-text fusion-text-5\"><p><img decoding=\"async\" class=\"wp-image-1071 alignleft\" src=\"https:\/\/leecotrading.com\/wp-content\/uploads\/2019\/11\/leecotrading-cargo-ship-01-1620x1080.jpg\" alt=\"Mejorar la tesorer\u00eda con Leeco Trading\" width=\"500\" height=\"333\" srcset=\"https:\/\/leecotrading.com\/wp-content\/uploads\/2019\/11\/leecotrading-cargo-ship-01-1620x1080-200x133.jpg 200w, https:\/\/leecotrading.com\/wp-content\/uploads\/2019\/11\/leecotrading-cargo-ship-01-1620x1080-300x200.jpg 300w, https:\/\/leecotrading.com\/wp-content\/uploads\/2019\/11\/leecotrading-cargo-ship-01-1620x1080-400x267.jpg 400w, https:\/\/leecotrading.com\/wp-content\/uploads\/2019\/11\/leecotrading-cargo-ship-01-1620x1080-600x400.jpg 600w, https:\/\/leecotrading.com\/wp-content\/uploads\/2019\/11\/leecotrading-cargo-ship-01-1620x1080-768x512.jpg 768w, https:\/\/leecotrading.com\/wp-content\/uploads\/2019\/11\/leecotrading-cargo-ship-01-1620x1080-800x533.jpg 800w, https:\/\/leecotrading.com\/wp-content\/uploads\/2019\/11\/leecotrading-cargo-ship-01-1620x1080-1024x683.jpg 1024w, https:\/\/leecotrading.com\/wp-content\/uploads\/2019\/11\/leecotrading-cargo-ship-01-1620x1080-1200x800.jpg 1200w, https:\/\/leecotrading.com\/wp-content\/uploads\/2019\/11\/leecotrading-cargo-ship-01-1620x1080.jpg 1620w\" sizes=\"(max-width: 500px) 100vw, 500px\" \/><\/p>\n<p style=\"text-align: left;\">Leeco Trading ayuda a aliviar los problemas de tesorer\u00eda que suele plantear el comercio internacional, en el que a menudo transcurren m\u00e1s de tres meses entre la realizaci\u00f3n de un pedido y la recepci\u00f3n de la mercanc\u00eda. Leeco Trading concede cr\u00e9ditos a los compradores para que paguen las mercanc\u00edas cuando las reciben, en lugar de al principio del proceso de pedido.<\/p>\n<\/div><div class=\"fusion-clearfix\"><\/div><\/div><\/div><\/div><\/div><div class=\"fusion-fullwidth fullwidth-box fusion-builder-row-6 nonhundred-percent-fullwidth non-hundred-percent-height-scrolling fusion-no-small-visibility\" style=\"--awb-border-radius-top-left:0px;--awb-border-radius-top-right:0px;--awb-border-radius-bottom-right:0px;--awb-border-radius-bottom-left:0px;--awb-padding-top:30px;--awb-padding-bottom:30px;--awb-background-color:#f2f3f3;--awb-flex-wrap:wrap;\" ><div class=\"fusion-builder-row fusion-row\"><div class=\"fusion-layout-column fusion_builder_column fusion-builder-column-7 fusion_builder_column_1_2 1_2 fusion-one-half fusion-column-first fusion-animated\" style=\"--awb-bg-size:cover;--awb-margin-bottom:0px;width:50%;width:calc(50% - ( ( 6% ) * 0.5 ) );margin-right: 6%;\" data-animationType=\"fadeInLeft\" data-animationDuration=\"0.8\" data-animationOffset=\"top-into-view\"><div class=\"fusion-column-wrapper fusion-flex-column-wrapper-legacy\"><div class=\"fusion-title title fusion-title-6 fusion-sep-none fusion-title-text fusion-title-size-three\" style=\"--awb-text-color:#58a4b0;--awb-margin-top:0px;--awb-margin-bottom:0px;--awb-margin-top-small:0px;--awb-margin-right-small:0px;--awb-margin-bottom-small:20px;--awb-margin-left-small:0px;\"><h3 class=\"fusion-title-heading title-heading-left fusion-responsive-typography-calculated\" style=\"margin:0;--fontSize:26;--minFontSize:26;line-height:1.3;\">Investigaci\u00f3n y control de calidad<\/h3><\/div><div class=\"fusion-sep-clear\"><\/div><div class=\"fusion-separator fusion-no-small-visibility fusion-no-medium-visibility fusion-full-width-sep\" style=\"margin-left: auto;margin-right: auto;margin-top:20px;width:100%;\"><\/div><div class=\"fusion-sep-clear\"><\/div><div class=\"fusion-text fusion-text-6\"><p>Leeco Trading ha estrechado la mano de l\u00edderes ejecutivos y ha inspeccionado instalaciones de producci\u00f3n de fabricantes de materiales de todo el mundo. S\u00f3lo nos asociamos con los mejores -empresas que fabrican de forma responsable productos certificados y\/o de alta calidad- para garantizar que nuestros clientes s\u00f3lo reciben productos de la mejor calidad. Leeco Trading realiza el trabajo de investigaci\u00f3n y control de calidad para que usted y sus equipos no tengan que hacerlo.<\/p>\n<\/div><div class=\"fusion-clearfix\"><\/div><\/div><\/div><div class=\"fusion-layout-column fusion_builder_column fusion-builder-column-8 fusion_builder_column_1_2 1_2 fusion-one-half fusion-column-last\" style=\"--awb-bg-size:cover;width:50%;width:calc(50% - ( ( 6% ) * 0.5 ) );\"><div class=\"fusion-column-wrapper fusion-column-has-shadow fusion-flex-column-wrapper-legacy\"><div class=\"fusion-image-element in-legacy-container\" style=\"--awb-caption-title-font-family:var(--h2_typography-font-family);--awb-caption-title-font-weight:var(--h2_typography-font-weight);--awb-caption-title-font-style:var(--h2_typography-font-style);--awb-caption-title-size:var(--h2_typography-font-size);--awb-caption-title-transform:var(--h2_typography-text-transform);--awb-caption-title-line-height:var(--h2_typography-line-height);--awb-caption-title-letter-spacing:var(--h2_typography-letter-spacing);\"><span class=\" fusion-imageframe imageframe-none imageframe-3 hover-type-none fusion-animated\" data-animationType=\"fadeInLeft\" data-animationDuration=\"0.3\" data-animationOffset=\"top-into-view\"><img decoding=\"async\" width=\"1620\" height=\"1080\" alt=\"Leeco trading tiene pol\u00edticas de gesti\u00f3n de calidad superiores\" title=\"Quality Control | Leeco Trading\" src=\"https:\/\/leecotrading.com\/wp-content\/uploads\/2019\/11\/leecotrading-quality-control.jpg\" class=\"img-responsive wp-image-1509\" srcset=\"https:\/\/leecotrading.com\/wp-content\/uploads\/2019\/11\/leecotrading-quality-control-200x133.jpg 200w, https:\/\/leecotrading.com\/wp-content\/uploads\/2019\/11\/leecotrading-quality-control-400x267.jpg 400w, https:\/\/leecotrading.com\/wp-content\/uploads\/2019\/11\/leecotrading-quality-control-600x400.jpg 600w, https:\/\/leecotrading.com\/wp-content\/uploads\/2019\/11\/leecotrading-quality-control-800x533.jpg 800w, https:\/\/leecotrading.com\/wp-content\/uploads\/2019\/11\/leecotrading-quality-control-1200x800.jpg 1200w, https:\/\/leecotrading.com\/wp-content\/uploads\/2019\/11\/leecotrading-quality-control.jpg 1620w\" sizes=\"(max-width: 1000px) 100vw, 600px\" \/><\/span><\/div><div class=\"fusion-clearfix\"><\/div><\/div><\/div><\/div><\/div><div class=\"fusion-fullwidth fullwidth-box fusion-builder-row-7 nonhundred-percent-fullwidth non-hundred-percent-height-scrolling fusion-no-medium-visibility fusion-no-large-visibility\" style=\"--awb-border-radius-top-left:0px;--awb-border-radius-top-right:0px;--awb-border-radius-bottom-right:0px;--awb-border-radius-bottom-left:0px;--awb-padding-top:30px;--awb-padding-bottom:30px;--awb-background-color:#f2f3f3;--awb-flex-wrap:wrap;\" ><div class=\"fusion-builder-row fusion-row\"><div class=\"fusion-layout-column fusion_builder_column fusion-builder-column-9 fusion_builder_column_1_1 1_1 fusion-one-full fusion-column-first fusion-column-last fusion-animated\" style=\"--awb-bg-size:cover;--awb-margin-bottom:0px;\" data-animationType=\"fadeInLeft\" data-animationDuration=\"0.8\" data-animationOffset=\"top-into-view\"><div class=\"fusion-column-wrapper fusion-flex-column-wrapper-legacy\"><div class=\"fusion-title title fusion-title-7 fusion-sep-none fusion-title-text fusion-title-size-three\" style=\"--awb-text-color:#58a4b0;--awb-margin-top:0px;--awb-margin-bottom:0px;--awb-margin-top-small:0px;--awb-margin-right-small:0px;--awb-margin-bottom-small:20px;--awb-margin-left-small:0px;\"><h3 class=\"fusion-title-heading title-heading-left fusion-responsive-typography-calculated\" style=\"margin:0;--fontSize:26;--minFontSize:26;line-height:1.3;\"><p style=\"text-align: center;\">Investigaci\u00f3n y control de calidad<\/p><\/h3><\/div><div class=\"fusion-sep-clear\"><\/div><div class=\"fusion-separator fusion-no-small-visibility fusion-no-medium-visibility fusion-full-width-sep\" style=\"margin-left: auto;margin-right: auto;margin-top:20px;width:100%;\"><\/div><div class=\"fusion-sep-clear\"><\/div><div class=\"fusion-text fusion-text-7\"><p><img decoding=\"async\" class=\"wp-image-1077 alignleft\" src=\"https:\/\/leecotrading.com\/wp-content\/uploads\/2019\/11\/leecotrading-quality-control.jpg\" alt=\"Leeco Trading cuenta con pol\u00edticas de gesti\u00f3n de calidad exhaustivas\" width=\"500\" height=\"333\" srcset=\"https:\/\/leecotrading.com\/wp-content\/uploads\/2019\/11\/leecotrading-quality-control-200x133.jpg 200w, https:\/\/leecotrading.com\/wp-content\/uploads\/2019\/11\/leecotrading-quality-control-300x200.jpg 300w, https:\/\/leecotrading.com\/wp-content\/uploads\/2019\/11\/leecotrading-quality-control-400x267.jpg 400w, https:\/\/leecotrading.com\/wp-content\/uploads\/2019\/11\/leecotrading-quality-control-600x400.jpg 600w, https:\/\/leecotrading.com\/wp-content\/uploads\/2019\/11\/leecotrading-quality-control-768x512.jpg 768w, https:\/\/leecotrading.com\/wp-content\/uploads\/2019\/11\/leecotrading-quality-control-800x533.jpg 800w, https:\/\/leecotrading.com\/wp-content\/uploads\/2019\/11\/leecotrading-quality-control-1024x683.jpg 1024w, https:\/\/leecotrading.com\/wp-content\/uploads\/2019\/11\/leecotrading-quality-control-1200x800.jpg 1200w, https:\/\/leecotrading.com\/wp-content\/uploads\/2019\/11\/leecotrading-quality-control.jpg 1620w\" sizes=\"(max-width: 500px) 100vw, 500px\" \/><\/p>\n<p style=\"text-align: left;\">Leeco Trading ha estrechado la mano de l\u00edderes ejecutivos y ha inspeccionado instalaciones de producci\u00f3n de fabricantes de materiales de todo el mundo. S\u00f3lo nos asociamos con los mejores -empresas que fabrican de forma responsable productos certificados y\/o de alta calidad- para garantizar que nuestros clientes s\u00f3lo reciben productos de la mejor calidad. Leeco Trading realiza el trabajo de investigaci\u00f3n y control de calidad para que usted y sus equipos no tengan que hacerlo.<\/p>\n<\/div><div class=\"fusion-clearfix\"><\/div><\/div><\/div><\/div><\/div><\/p>\n","protected":false},"excerpt":{"rendered":"","protected":false},"author":2,"featured_media":0,"parent":0,"menu_order":0,"comment_status":"closed","ping_status":"closed","template":"100-width.php","meta":{"footnotes":""},"class_list":["post-2009","page","type-page","status-publish","hentry"],"aioseo_notices":[],"_links":{"self":[{"href":"https:\/\/leecotrading.com\/es\/wp-json\/wp\/v2\/pages\/2009","targetHints":{"allow":["GET"]}}],"collection":[{"href":"https:\/\/leecotrading.com\/es\/wp-json\/wp\/v2\/pages"}],"about":[{"href":"https:\/\/leecotrading.com\/es\/wp-json\/wp\/v2\/types\/page"}],"author":[{"embeddable":true,"href":"https:\/\/leecotrading.com\/es\/wp-json\/wp\/v2\/users\/2"}],"replies":[{"embeddable":true,"href":"https:\/\/leecotrading.com\/es\/wp-json\/wp\/v2\/comments?post=2009"}],"version-history":[{"count":11,"href":"https:\/\/leecotrading.com\/es\/wp-json\/wp\/v2\/pages\/2009\/revisions"}],"predecessor-version":[{"id":2051,"href":"https:\/\/leecotrading.com\/es\/wp-json\/wp\/v2\/pages\/2009\/revisions\/2051"}],"wp:attachment":[{"href":"https:\/\/leecotrading.com\/es\/wp-json\/wp\/v2\/media?parent=2009"}],"curies":[{"name":"wp","href":"https:\/\/api.w.org\/{rel}","templated":true}]}}