{"id":1651,"date":"2019-10-30T05:04:28","date_gmt":"2019-10-30T05:04:28","guid":{"rendered":"https:\/\/leecotrading.com\/productos\/"},"modified":"2024-02-21T16:31:24","modified_gmt":"2024-02-21T16:31:24","slug":"productos","status":"publish","type":"page","link":"https:\/\/leecotrading.com\/es\/productos\/","title":{"rendered":"Productos"},"content":{"rendered":"<p><div class=\"fusion-fullwidth fullwidth-box fusion-builder-row-1 nonhundred-percent-fullwidth non-hundred-percent-height-scrolling\" style=\"--awb-border-radius-top-left:0px;--awb-border-radius-top-right:0px;--awb-border-radius-bottom-right:0px;--awb-border-radius-bottom-left:0px;--awb-padding-bottom:30px;--awb-background-color:#ffffff;--awb-flex-wrap:wrap;\" ><div class=\"fusion-builder-row fusion-row\"><div class=\"fusion-layout-column fusion_builder_column fusion-builder-column-0 fusion_builder_column_1_1 1_1 fusion-one-full fusion-column-first fusion-column-last fusion-animated\" style=\"--awb-bg-size:cover;--awb-margin-bottom:0px;\" data-animationType=\"fadeInLeft\" data-animationDuration=\"0.8\" data-animationOffset=\"top-into-view\"><div class=\"fusion-column-wrapper fusion-flex-column-wrapper-legacy\"><div class=\"fusion-title title fusion-title-1 fusion-sep-none fusion-title-text fusion-title-size-two\" style=\"--awb-text-color:#58a4b0;--awb-margin-top:0px;--awb-margin-bottom:0px;--awb-margin-top-small:0px;--awb-margin-right-small:0px;--awb-margin-bottom-small:20px;--awb-margin-left-small:0px;\"><h2 class=\"fusion-title-heading title-heading-left fusion-responsive-typography-calculated\" style=\"margin:0;--fontSize:46;line-height:1.25;\">Productos comercializados<\/h2><\/div><div class=\"fusion-sep-clear\"><\/div><div class=\"fusion-separator fusion-no-small-visibility fusion-no-medium-visibility fusion-full-width-sep\" style=\"margin-left: auto;margin-right: auto;margin-top:20px;width:100%;\"><\/div><div class=\"fusion-sep-clear\"><\/div><div class=\"fusion-text fusion-text-1\"><p>Leeco Trading ofrece precios competitivos en mercanc\u00edas de metal y productos qu\u00edmicos finos. Nos enorgullecemos de asociarnos con los mejores proveedores en todo el mundo para garantizar que todos los productos cumplan y excedan la calidad esperada y se entreguen a tiempo.<\/p>\n<\/div><div class=\"fusion-clearfix\"><\/div><\/div><\/div><\/div><\/div><div class=\"fusion-fullwidth fullwidth-box fusion-builder-row-2 nonhundred-percent-fullwidth non-hundred-percent-height-scrolling\" style=\"--awb-border-radius-top-left:0px;--awb-border-radius-top-right:0px;--awb-border-radius-bottom-right:0px;--awb-border-radius-bottom-left:0px;--awb-padding-top:30px;--awb-padding-bottom:30px;--awb-background-color:#f2f3f3;--awb-flex-wrap:wrap;\" ><div class=\"fusion-builder-row fusion-row\"><div class=\"fusion-layout-column fusion_builder_column fusion-builder-column-1 fusion_builder_column_1_2 1_2 fusion-one-half fusion-column-first fusion-animated\" style=\"--awb-bg-size:cover;--awb-margin-bottom:0px;width:50%;width:calc(50% - ( ( 6% ) * 0.5 ) );margin-right: 6%;\" data-animationType=\"fadeInLeft\" data-animationDuration=\"0.8\" data-animationOffset=\"top-into-view\"><div class=\"fusion-column-wrapper fusion-flex-column-wrapper-legacy\"><div class=\"fusion-title title fusion-title-2 fusion-sep-none fusion-title-text fusion-title-size-three\" style=\"--awb-text-color:#58a4b0;--awb-margin-top:0px;--awb-margin-bottom:0px;--awb-margin-top-small:0px;--awb-margin-right-small:0px;--awb-margin-bottom-small:20px;--awb-margin-left-small:0px;\"><h3 class=\"fusion-title-heading title-heading-left fusion-responsive-typography-calculated\" style=\"margin:0;--fontSize:26;--minFontSize:26;line-height:1.3;\">Metales<\/h3><\/div><div class=\"fusion-sep-clear\"><\/div><div class=\"fusion-separator fusion-no-small-visibility fusion-no-medium-visibility fusion-full-width-sep\" style=\"margin-left: auto;margin-right: auto;margin-top:20px;width:100%;\"><\/div><div class=\"fusion-sep-clear\"><\/div><div class=\"fusion-text fusion-text-2\"><p>Leeco Trading suministra los siguientes productos en cantidades de 500 metros c\u00fabicos o m\u00e1s, en cualquier parte del mundo. Todos los materiales de metal provienen de plantas de todo el mundo, incluidas plantas en Estados Unidos, Corea, China y Rusia. Prueba de certificaciones, resultados de prueba de materiales y otra documentaci\u00f3n relacionada se suministran con cada pedido para garantizar sus especificaciones.<\/p>\n<\/div><ul style=\"--awb-iconcolor:#e0bb38;--awb-line-height:30.6px;--awb-icon-width:30.6px;--awb-icon-height:30.6px;--awb-icon-margin:12.6px;--awb-content-margin:43.2px;\" class=\"fusion-checklist fusion-checklist-1 fusion-checklist-default type-icons\"><li class=\"fusion-li-item\" style=\"\"><span class=\"icon-wrapper circle-no\"><i class=\"fusion-li-icon fa-asterisk fas\" aria-hidden=\"true\"><\/i><\/span><div class=\"fusion-li-item-content\">\n<p><strong>Productos de placas de acero<\/strong><br \/>\nLaminaci\u00f3n est\u00e1ndar y fleje.<\/p>\n<\/div><\/li><li class=\"fusion-li-item\" style=\"\"><span class=\"icon-wrapper circle-no\"><i class=\"fusion-li-icon fa-asterisk fas\" aria-hidden=\"true\"><\/i><\/span><div class=\"fusion-li-item-content\">\n<p><strong>Productos de acero recubierto<\/strong><br \/>\nSuperficie tratada, Alcosta (acero galvanizado por inmersi\u00f3n en caliente), prepintado, inoxidable, hojalata, galvanizado, galvalume y galvalume prepintado.<\/p>\n<\/div><\/li><li class=\"fusion-li-item\" style=\"\"><span class=\"icon-wrapper circle-no\"><i class=\"fusion-li-icon fa-asterisk fas\" aria-hidden=\"true\"><\/i><\/span><div class=\"fusion-li-item-content\">\n<p><strong>Productos de tuber\u00edas de acero<\/strong><br \/>\nSin soldadura, soldados e inoxidables.<\/p>\n<\/div><\/li><li class=\"fusion-li-item\" style=\"\"><span class=\"icon-wrapper circle-no\"><i class=\"fusion-li-icon fa-asterisk fas\" aria-hidden=\"true\"><\/i><\/span><div class=\"fusion-li-item-content\">\n<p><strong>Productos largos de acero<\/strong><br \/>\nFormas estructurales, barras incluyendo varilla corrugada, tren de laminado y riel.<\/p>\n<\/div><\/li><li class=\"fusion-li-item\" style=\"\"><span class=\"icon-wrapper circle-no\"><i class=\"fusion-li-icon fa-asterisk fas\" aria-hidden=\"true\"><\/i><\/span><div class=\"fusion-li-item-content\">\n<p><strong>Productos de bobina de acero<\/strong><br \/>\nLaminado en caliente, laminado en caliente decapado y aceitado y laminado en fr\u00edo.<\/p>\n<\/div><\/li><\/ul><div class=\"fusion-clearfix\"><\/div><\/div><\/div><div class=\"fusion-layout-column fusion_builder_column fusion-builder-column-2 fusion_builder_column_1_2 1_2 fusion-one-half fusion-column-last\" style=\"--awb-bg-size:cover;width:50%;width:calc(50% - ( ( 6% ) * 0.5 ) );\"><div class=\"fusion-column-wrapper fusion-column-has-shadow fusion-flex-column-wrapper-legacy\"><div class=\"fusion-image-element in-legacy-container\" style=\"--awb-caption-title-font-family:var(--h2_typography-font-family);--awb-caption-title-font-weight:var(--h2_typography-font-weight);--awb-caption-title-font-style:var(--h2_typography-font-style);--awb-caption-title-size:var(--h2_typography-font-size);--awb-caption-title-transform:var(--h2_typography-text-transform);--awb-caption-title-line-height:var(--h2_typography-line-height);--awb-caption-title-letter-spacing:var(--h2_typography-letter-spacing);\"><span class=\" fusion-imageframe imageframe-none imageframe-1 hover-type-none fusion-animated\" data-animationType=\"fadeInLeft\" data-animationDuration=\"0.3\" data-animationOffset=\"top-into-view\"><img decoding=\"async\" width=\"1620\" height=\"1080\" alt=\"Buque de carga de Leeco Trading\" title=\"leecotrading-moving-steel-coil-1620&#215;1080\" src=\"https:\/\/leecotrading.com\/wp-content\/uploads\/2019\/11\/leecotrading-moving-steel-coil-1620x1080.jpg\" class=\"img-responsive wp-image-1507\" srcset=\"https:\/\/leecotrading.com\/wp-content\/uploads\/2019\/11\/leecotrading-moving-steel-coil-1620x1080-200x133.jpg 200w, https:\/\/leecotrading.com\/wp-content\/uploads\/2019\/11\/leecotrading-moving-steel-coil-1620x1080-400x267.jpg 400w, https:\/\/leecotrading.com\/wp-content\/uploads\/2019\/11\/leecotrading-moving-steel-coil-1620x1080-600x400.jpg 600w, https:\/\/leecotrading.com\/wp-content\/uploads\/2019\/11\/leecotrading-moving-steel-coil-1620x1080-800x533.jpg 800w, https:\/\/leecotrading.com\/wp-content\/uploads\/2019\/11\/leecotrading-moving-steel-coil-1620x1080-1200x800.jpg 1200w\" sizes=\"(max-width: 1000px) 100vw, 600px\" \/><\/span><\/div><div class=\"fusion-clearfix\"><\/div><\/div><\/div><\/div><\/div><div class=\"fusion-fullwidth fullwidth-box fusion-builder-row-3 nonhundred-percent-fullwidth non-hundred-percent-height-scrolling\" style=\"--awb-border-radius-top-left:0px;--awb-border-radius-top-right:0px;--awb-border-radius-bottom-right:0px;--awb-border-radius-bottom-left:0px;--awb-padding-top:30px;--awb-padding-bottom:30px;--awb-background-color:#ffffff;--awb-flex-wrap:wrap;\" ><div class=\"fusion-builder-row fusion-row\"><div class=\"fusion-layout-column fusion_builder_column fusion-builder-column-3 fusion_builder_column_1_2 1_2 fusion-one-half fusion-column-first\" style=\"--awb-bg-size:cover;width:50%;width:calc(50% - ( ( 4% ) * 0.5 ) );margin-right: 4%;\"><div class=\"fusion-column-wrapper fusion-column-has-shadow fusion-flex-column-wrapper-legacy\"><div class=\"fusion-image-element in-legacy-container\" style=\"--awb-caption-title-font-family:var(--h2_typography-font-family);--awb-caption-title-font-weight:var(--h2_typography-font-weight);--awb-caption-title-font-style:var(--h2_typography-font-style);--awb-caption-title-size:var(--h2_typography-font-size);--awb-caption-title-transform:var(--h2_typography-text-transform);--awb-caption-title-line-height:var(--h2_typography-line-height);--awb-caption-title-letter-spacing:var(--h2_typography-letter-spacing);\"><span class=\" fusion-imageframe imageframe-none imageframe-2 hover-type-none fusion-animated\" data-animationType=\"fadeInLeft\" data-animationDuration=\"0.3\" data-animationOffset=\"top-into-view\"><img decoding=\"async\" width=\"1620\" height=\"1080\" alt=\"Producto fertilizante de Leeco Trading\" title=\"leecotrading-fertilizer-product-1620&#215;1080\" src=\"https:\/\/leecotrading.com\/wp-content\/uploads\/2019\/11\/leecotrading-fertilizer-product-1620x1080.jpg\" class=\"img-responsive wp-image-1510\" srcset=\"https:\/\/leecotrading.com\/wp-content\/uploads\/2019\/11\/leecotrading-fertilizer-product-1620x1080-200x133.jpg 200w, https:\/\/leecotrading.com\/wp-content\/uploads\/2019\/11\/leecotrading-fertilizer-product-1620x1080-400x267.jpg 400w, https:\/\/leecotrading.com\/wp-content\/uploads\/2019\/11\/leecotrading-fertilizer-product-1620x1080-600x400.jpg 600w, https:\/\/leecotrading.com\/wp-content\/uploads\/2019\/11\/leecotrading-fertilizer-product-1620x1080-800x533.jpg 800w, https:\/\/leecotrading.com\/wp-content\/uploads\/2019\/11\/leecotrading-fertilizer-product-1620x1080-1200x800.jpg 1200w\" sizes=\"(max-width: 1000px) 100vw, 600px\" \/><\/span><\/div><div class=\"fusion-clearfix\"><\/div><\/div><\/div><div class=\"fusion-layout-column fusion_builder_column fusion-builder-column-4 fusion_builder_column_1_2 1_2 fusion-one-half fusion-column-last fusion-animated\" style=\"--awb-bg-size:cover;--awb-margin-bottom:0px;width:50%;width:calc(50% - ( ( 4% ) * 0.5 ) );\" data-animationType=\"fadeInLeft\" data-animationDuration=\"0.8\" data-animationOffset=\"top-into-view\"><div class=\"fusion-column-wrapper fusion-flex-column-wrapper-legacy\"><div class=\"fusion-title title fusion-title-3 fusion-sep-none fusion-title-text fusion-title-size-three\" style=\"--awb-text-color:#58a4b0;--awb-margin-top:0px;--awb-margin-bottom:0px;--awb-margin-top-small:0px;--awb-margin-right-small:0px;--awb-margin-bottom-small:20px;--awb-margin-left-small:0px;\"><h3 class=\"fusion-title-heading title-heading-left fusion-responsive-typography-calculated\" style=\"margin:0;--fontSize:26;--minFontSize:26;line-height:1.3;\">Productos qu\u00edmicos finos<\/h3><\/div><div class=\"fusion-sep-clear\"><\/div><div class=\"fusion-separator fusion-no-small-visibility fusion-no-medium-visibility fusion-full-width-sep\" style=\"margin-left: auto;margin-right: auto;margin-top:20px;width:100%;\"><\/div><div class=\"fusion-sep-clear\"><\/div><div class=\"fusion-text fusion-text-3\"><p>Leeco Trading ha establecido relaciones con productores de productos qu\u00edmicos principales alrededor del mundo. Se eval\u00faan todos los productores para garantizar la calidad del producto y la confiabilidad de la producci\u00f3n. El equipo de Leeco Trading puede suministrar una amplia variedad de productos qu\u00edmicos finos en cantidades de 3,000 Tm o mayor, incluidos:<\/p>\n<\/div><ul style=\"--awb-iconcolor:#e0bb38;--awb-line-height:30.6px;--awb-icon-width:30.6px;--awb-icon-height:30.6px;--awb-icon-margin:12.6px;--awb-content-margin:43.2px;\" class=\"fusion-checklist fusion-checklist-2 fusion-checklist-default type-icons\"><li class=\"fusion-li-item\" style=\"\"><span class=\"icon-wrapper circle-no\"><i class=\"fusion-li-icon fa-asterisk fas\" aria-hidden=\"true\"><\/i><\/span><div class=\"fusion-li-item-content\">\n<p><strong>Fertilizantes nitrogenados<\/strong><br \/>\nNitrato de amonio (A\/N), sulfato de amonio (A\/S), nitrato de amonio de urea (UAN), nitrato de calcio y amonio (CAN), nitrato de amonio estabilizado (SAN), nitrato y sulfato de amonio (ASN), tiosulfato de amonio (ATS).<\/p>\n<\/div><\/li><li class=\"fusion-li-item\" style=\"\"><span class=\"icon-wrapper circle-no\"><i class=\"fusion-li-icon fa-asterisk fas\" aria-hidden=\"true\"><\/i><\/span><div class=\"fusion-li-item-content\">\n<p><strong>Fertilizantes fosfatados<\/strong><br \/>\nFosfato diam\u00f3nico (DAP), fosfato monoam\u00f3nico (MAP 1252; 1152; 1050; 1045; 1144), superfosfato simple (SSP), superfosfato triple (TSP), superfosfato doble (DSP).<\/p>\n<\/div><\/li><li class=\"fusion-li-item\" style=\"\"><span class=\"icon-wrapper circle-no\"><i class=\"fusion-li-icon fa-asterisk fas\" aria-hidden=\"true\"><\/i><\/span><div class=\"fusion-li-item-content\">\n<p><strong>Fertilizantes pot\u00e1sicos\/de potasa<\/strong><br \/>\nCloruro de potasio granular (GMOP), cloruro de potasio est\u00e1ndar (SMOP).<\/p>\n<\/div><\/li><li class=\"fusion-li-item\" style=\"\"><span class=\"icon-wrapper circle-no\"><i class=\"fusion-li-icon fa-asterisk fas\" aria-hidden=\"true\"><\/i><\/span><div class=\"fusion-li-item-content\">\n<p><strong>Fertilizantes compuestos\/fertilizantes multinutrientes<\/strong><br \/>\nNPK 15-15-15 MOP\/SOP, NPK 16-16-16 MOP, NPK 5-15-30 MOP, NPK 10-26-26 MOP, NPK 12-12-17 MOP\/SOP, NPK 13-13-21 MOP\/SOP, NPK 20-10-10 MOP\/SOP, NPK 14-7-17 SOP, NP 20-20-0, NP 16-20-0, NP 23-21-0, NP 12-40-0.<\/p>\n<\/div><\/li><li class=\"fusion-li-item\" style=\"\"><span class=\"icon-wrapper circle-no\"><i class=\"fusion-li-icon fa-asterisk fas\" aria-hidden=\"true\"><\/i><\/span><div class=\"fusion-li-item-content\">\n<p><strong>Especialidades<\/strong><br \/>\nNitrato de calcio granular, T-MAP, T-DAP, SOP \u2013 soluble y SOP \u2013 granular, SOP \u2013 est\u00e1ndar.<\/p>\n<\/div><\/li><\/ul><div class=\"fusion-clearfix\"><\/div><\/div><\/div><\/div><\/div><div class=\"fusion-fullwidth fullwidth-box fusion-builder-row-4 nonhundred-percent-fullwidth non-hundred-percent-height-scrolling\" style=\"--awb-border-radius-top-left:0px;--awb-border-radius-top-right:0px;--awb-border-radius-bottom-right:0px;--awb-border-radius-bottom-left:0px;--awb-padding-top:30px;--awb-padding-bottom:30px;--awb-background-color:#f2f3f3;--awb-flex-wrap:wrap;\" ><div class=\"fusion-builder-row fusion-row\"><div class=\"fusion-layout-column fusion_builder_column fusion-builder-column-5 fusion_builder_column_1_1 1_1 fusion-one-full fusion-column-first fusion-column-last fusion-animated\" style=\"--awb-bg-size:cover;--awb-margin-bottom:0px;\" data-animationType=\"fadeInLeft\" data-animationDuration=\"0.8\" data-animationOffset=\"top-into-view\"><div class=\"fusion-column-wrapper fusion-flex-column-wrapper-legacy\"><div class=\"fusion-title title fusion-title-4 fusion-sep-none fusion-title-text fusion-title-size-two\" style=\"--awb-text-color:#58a4b0;--awb-margin-top:0px;--awb-margin-bottom:0px;--awb-margin-top-small:0px;--awb-margin-right-small:0px;--awb-margin-bottom-small:20px;--awb-margin-left-small:0px;\"><h2 class=\"fusion-title-heading title-heading-left fusion-responsive-typography-calculated\" style=\"margin:0;--fontSize:46;line-height:1.25;\">Descargue nuestra tarjeta de l\u00ednea<\/h2><\/div><div class=\"fusion-sep-clear\"><\/div><div class=\"fusion-separator fusion-no-small-visibility fusion-no-medium-visibility fusion-full-width-sep\" style=\"margin-left: auto;margin-right: auto;margin-top:20px;width:100%;\"><\/div><div class=\"fusion-sep-clear\"><\/div><div class=\"fusion-text fusion-text-4\"><p><a href=\"https:\/\/leecotrading.com\/es\/contactar-a-leeco-trading\/\">Contacte a Leeco Trading<\/a> para una cotizaci\u00f3n hoy, o descargue e imprime nuestra tarjeta de l\u00ednea de oferta de productos completa aqu\u00ed.<\/p>\n<\/div><div class=\"fusion-button-wrapper\"><a class=\"fusion-button button-flat fusion-button-default-size button-custom fusion-button-default button-1 fusion-button-default-span fusion-animated trackButtonClick\" style=\"--button_accent_color:#ffffff;--button_accent_hover_color:#ffffff;--button_border_hover_color:#105378;--button_gradient_top_color:#e0bb38;--button_gradient_bottom_color:#e0bb38;--button_gradient_top_color_hover:#a9bcd0;--button_gradient_bottom_color_hover:#a9bcd0;\" data-animationType=\"fadeInLeft\" data-animationDuration=\"0.8\" data-animationOffset=\"top-into-view\" target=\"_blank\" rel=\"noopener noreferrer\" data-category=\"Button Click\" data-label=\"Download Line Card\" href=\"\/wp-content\/uploads\/2024\/02\/LeecoTrading-LineCard-Esp-19v3.pdf\"><span class=\"fusion-button-text awb-button__text awb-button__text--default\">Descargar tarjeta de l\u00ednea<\/span><i class=\"fa-angle-double-right fas awb-button__icon awb-button__icon--default button-icon-right\" aria-hidden=\"true\"><\/i><\/a><\/div><div class=\"fusion-clearfix\"><\/div><\/div><\/div><\/div><\/div><\/p>\n","protected":false},"excerpt":{"rendered":"","protected":false},"author":2,"featured_media":0,"parent":0,"menu_order":0,"comment_status":"closed","ping_status":"closed","template":"100-width.php","meta":{"footnotes":""},"class_list":["post-1651","page","type-page","status-publish","hentry"],"aioseo_notices":[],"_links":{"self":[{"href":"https:\/\/leecotrading.com\/es\/wp-json\/wp\/v2\/pages\/1651","targetHints":{"allow":["GET"]}}],"collection":[{"href":"https:\/\/leecotrading.com\/es\/wp-json\/wp\/v2\/pages"}],"about":[{"href":"https:\/\/leecotrading.com\/es\/wp-json\/wp\/v2\/types\/page"}],"author":[{"embeddable":true,"href":"https:\/\/leecotrading.com\/es\/wp-json\/wp\/v2\/users\/2"}],"replies":[{"embeddable":true,"href":"https:\/\/leecotrading.com\/es\/wp-json\/wp\/v2\/comments?post=1651"}],"version-history":[{"count":10,"href":"https:\/\/leecotrading.com\/es\/wp-json\/wp\/v2\/pages\/1651\/revisions"}],"predecessor-version":[{"id":2218,"href":"https:\/\/leecotrading.com\/es\/wp-json\/wp\/v2\/pages\/1651\/revisions\/2218"}],"wp:attachment":[{"href":"https:\/\/leecotrading.com\/es\/wp-json\/wp\/v2\/media?parent=1651"}],"curies":[{"name":"wp","href":"https:\/\/api.w.org\/{rel}","templated":true}]}}