{"id":1585,"date":"2019-01-14T16:19:19","date_gmt":"2019-01-14T16:19:19","guid":{"rendered":"https:\/\/leecotrading.com\/acerca-de-leeco-steel\/"},"modified":"2023-03-28T15:51:35","modified_gmt":"2023-03-28T15:51:35","slug":"acerca-de-leeco-steel","status":"publish","type":"page","link":"https:\/\/leecotrading.com\/es\/acerca-de-leeco-steel\/","title":{"rendered":"Acerca de nosotros"},"content":{"rendered":"<p><div class=\"fusion-fullwidth fullwidth-box fusion-builder-row-1 nonhundred-percent-fullwidth non-hundred-percent-height-scrolling\" style=\"--awb-border-radius-top-left:0px;--awb-border-radius-top-right:0px;--awb-border-radius-bottom-right:0px;--awb-border-radius-bottom-left:0px;--awb-padding-top:30px;--awb-padding-bottom:30px;--awb-flex-wrap:wrap;\" ><div class=\"fusion-builder-row fusion-row\"><div class=\"fusion-layout-column fusion_builder_column fusion-builder-column-0 fusion_builder_column_1_2 1_2 fusion-one-half fusion-column-first fusion-animated\" style=\"--awb-bg-size:cover;--awb-margin-bottom:15px;width:50%;width:calc(50% - ( ( 10% ) * 0.5 ) );margin-right: 10%;\" data-animationType=\"fadeInRight\" data-animationDuration=\"0.8\" data-animationOffset=\"top-into-view\"><div class=\"fusion-column-wrapper fusion-flex-column-wrapper-legacy\"><div class=\"fusion-title title fusion-title-1 fusion-sep-none fusion-title-text fusion-title-size-two\" style=\"--awb-margin-top-small:0px;--awb-margin-right-small:0px;--awb-margin-bottom-small:20px;--awb-margin-left-small:0px;\"><h2 class=\"fusion-title-heading title-heading-left fusion-responsive-typography-calculated\" style=\"margin:0;--fontSize:46;line-height:1.25;\">Acerca de nosotros<\/h2><\/div><div class=\"fusion-text fusion-text-1\"><p>Leeco Trading es un comerciante internacional de primer nivel de metales y materiales qu\u00edmicos finos de alta calidad para clientes de todo el mundo. Con sede en Orlando, FL, Leeco Trading es una divisi\u00f3n de negocios independiente de Leeco Steel, que se fund\u00f3 como una empresa de trading de chatarra en Chicago en 1882.<\/p>\n<p>Leeco Trading combina su profunda historia en el trading internacional de metales con sus s\u00f3lidas relaciones con proveedores dentro del sector de productos qu\u00edmicos finos para la adquisici\u00f3n de bienes y mercanc\u00edas de forma \u00e9tica, responsable y a costo competitivo.<\/p>\n<p>Leeco Steel y Leeco Trading son afiliados de O\u2019Neal Industries, la m\u00e1s grande red de propiedad familiar de centros de servicio de metales y fabricantes de componentes en Estados Unidos. Este nivel de apoyo financiero combinado con la profunda experiencia del equipo en adquisiciones y comercio internacional hace de Leeco Trading un socio de trading confiable e ideal para los clientes alrededor del mundo.<\/p>\n<\/div><div class=\"fusion-clearfix\"><\/div><\/div><\/div><div class=\"fusion-layout-column fusion_builder_column fusion-builder-column-1 fusion_builder_column_1_2 1_2 fusion-one-half fusion-column-last fusion-animated\" style=\"--awb-bg-size:cover;width:50%;width:calc(50% - ( ( 10% ) * 0.5 ) );\" data-animationType=\"fadeInLeft\" data-animationDuration=\"0.8\" data-animationOffset=\"top-into-view\"><div class=\"fusion-column-wrapper fusion-flex-column-wrapper-legacy\"><div class=\"fusion-image-element fusion-image-align-center in-legacy-container\" style=\"text-align:center;--awb-caption-title-font-family:var(--h2_typography-font-family);--awb-caption-title-font-weight:var(--h2_typography-font-weight);--awb-caption-title-font-style:var(--h2_typography-font-style);--awb-caption-title-size:var(--h2_typography-font-size);--awb-caption-title-transform:var(--h2_typography-text-transform);--awb-caption-title-line-height:var(--h2_typography-line-height);--awb-caption-title-letter-spacing:var(--h2_typography-letter-spacing);\"><div class=\"imageframe-align-center\"><span class=\" fusion-imageframe imageframe-none imageframe-1 hover-type-none\"><img decoding=\"async\" width=\"915\" height=\"1281\" alt=\"Trading de bobinas de acero | Leeco Trading\" title=\"metal-coils-leecotrading-7&#215;5\" src=\"https:\/\/leecotrading.com\/wp-content\/uploads\/2019\/10\/metal-coils-leecotrading-7x5.jpg\" class=\"img-responsive wp-image-1502\" srcset=\"https:\/\/leecotrading.com\/wp-content\/uploads\/2019\/10\/metal-coils-leecotrading-7x5-200x280.jpg 200w, https:\/\/leecotrading.com\/wp-content\/uploads\/2019\/10\/metal-coils-leecotrading-7x5-400x560.jpg 400w, https:\/\/leecotrading.com\/wp-content\/uploads\/2019\/10\/metal-coils-leecotrading-7x5-600x840.jpg 600w, https:\/\/leecotrading.com\/wp-content\/uploads\/2019\/10\/metal-coils-leecotrading-7x5-800x1120.jpg 800w\" sizes=\"(max-width: 1000px) 100vw, 600px\" \/><\/span><\/div><\/div><div class=\"fusion-clearfix\"><\/div><\/div><\/div><\/div><\/div><div class=\"fusion-fullwidth fullwidth-box fusion-builder-row-2 nonhundred-percent-fullwidth non-hundred-percent-height-scrolling\" style=\"--awb-border-radius-top-left:0px;--awb-border-radius-top-right:0px;--awb-border-radius-bottom-right:0px;--awb-border-radius-bottom-left:0px;--awb-padding-top:30px;--awb-padding-bottom:30px;--awb-background-color:#f2f3f3;--awb-flex-wrap:wrap;\" ><div class=\"fusion-builder-row fusion-row\"><div class=\"fusion-layout-column fusion_builder_column fusion-builder-column-2 fusion_builder_column_1_1 1_1 fusion-one-full fusion-column-first fusion-column-last\" style=\"--awb-bg-size:cover;\"><div class=\"fusion-column-wrapper fusion-column-has-shadow fusion-flex-column-wrapper-legacy\"><div class=\"fusion-title title fusion-title-2 fusion-sep-none fusion-title-text fusion-title-size-two\" style=\"--awb-margin-top-small:0px;--awb-margin-right-small:0px;--awb-margin-bottom-small:20px;--awb-margin-left-small:0px;\"><h2 class=\"fusion-title-heading title-heading-left fusion-responsive-typography-calculated\" style=\"margin:0;--fontSize:46;line-height:1.25;\">Liderazgo<\/h2><\/div><div class=\"fusion-text fusion-text-2\"><p>Dirigido por un experimentado equipo de liderazgo, Leeco Trading aprovecha su conocimiento del sector y sus s\u00f3lidas relaciones con proveedores para brindar a los clientes soluciones de trading competitivas y de alta calidad. Todos los miembros del equipo de liderazgo de Leeco tienen m\u00e1s de 20 a\u00f1os de experiencia en adquisiciones y trading y est\u00e1n profundamente comprometidos a edificar una empresa que se concentre en el \u00e9xito de los clientes.<\/p>\n<\/div><div class=\"fusion-clearfix\"><\/div><\/div><\/div><div class=\"fusion-layout-column fusion_builder_column fusion-builder-column-3 fusion_builder_column_1_3 1_3 fusion-one-third fusion-column-first fusion-animated\" style=\"--awb-bg-size:cover;--awb-margin-top:0px;--awb-margin-bottom:0px;width:33.333333333333%;width:calc(33.333333333333% - ( ( 0 + 0 ) * 0.33333333333333 ) );margin-right: 0px;\" data-animationType=\"fadeInLeft\" data-animationDuration=\"0.8\" data-animationOffset=\"top-into-view\"><div class=\"fusion-column-wrapper fusion-column-has-shadow fusion-flex-column-wrapper-legacy\"><div class=\"fusion-image-element in-legacy-container\" style=\"--awb-caption-title-font-family:var(--h2_typography-font-family);--awb-caption-title-font-weight:var(--h2_typography-font-weight);--awb-caption-title-font-style:var(--h2_typography-font-style);--awb-caption-title-size:var(--h2_typography-font-size);--awb-caption-title-transform:var(--h2_typography-text-transform);--awb-caption-title-line-height:var(--h2_typography-line-height);--awb-caption-title-letter-spacing:var(--h2_typography-letter-spacing);\"><span class=\" fusion-imageframe imageframe-glow imageframe-2 hover-type-zoomin\" style=\"-webkit-box-shadow: 0 0 20px rgba(27,32,50,0.3);box-shadow: 0 0 20px rgba(27,32,50,0.3);\"><img decoding=\"async\" width=\"300\" height=\"300\" alt=\"Denton Nordhues, President &amp; CEO of Leeco Trading\" title=\"DentonNordhues-Lisle-300&#215;300\" src=\"https:\/\/leecotrading.com\/wp-content\/uploads\/2022\/06\/DentonNordhues-Lisle-300x300-1.jpg\" class=\"img-responsive wp-image-1772\" srcset=\"https:\/\/leecotrading.com\/wp-content\/uploads\/2022\/06\/DentonNordhues-Lisle-300x300-1-200x200.jpg 200w, https:\/\/leecotrading.com\/wp-content\/uploads\/2022\/06\/DentonNordhues-Lisle-300x300-1.jpg 300w\" sizes=\"(max-width: 1000px) 100vw, 300px\" \/><\/span><\/div><div class=\"fusion-sep-clear\"><\/div><div class=\"fusion-separator fusion-full-width-sep\" style=\"margin-left: auto;margin-right: auto;margin-top:5px;margin-bottom:5px;width:100%;\"><\/div><div class=\"fusion-sep-clear\"><\/div><div class=\"fusion-title title fusion-title-3 fusion-sep-none fusion-title-text fusion-title-size-three\" style=\"--awb-margin-top:0px;--awb-margin-bottom:0px;--awb-margin-top-small:0px;--awb-margin-right-small:0px;--awb-margin-bottom-small:20px;--awb-margin-left-small:0px;\"><h3 class=\"fusion-title-heading title-heading-left fusion-responsive-typography-calculated\" style=\"margin:0;--fontSize:26;--minFontSize:26;line-height:1.3;\">Denton J. Nordhues<\/h3><\/div><div class=\"fusion-text fusion-text-3\"><p><span style=\"font-size: 14px; font-weight: bold; letter-spacing: 2px;\">Presidente y director general de Leeco Steel<\/span><\/p>\n<\/div><div class=\"fusion-clearfix\"><\/div><\/div><\/div><div class=\"fusion-layout-column fusion_builder_column fusion-builder-column-4 fusion_builder_column_1_3 1_3 fusion-one-third fusion-animated\" style=\"--awb-bg-size:cover;--awb-margin-top:0px;--awb-margin-bottom:0px;width:33.333333333333%;width:calc(33.333333333333% - ( ( 0 + 0 ) * 0.33333333333333 ) );margin-right: 0px;\" data-animationType=\"fadeInLeft\" data-animationDuration=\"0.8\" data-animationOffset=\"top-into-view\"><div class=\"fusion-column-wrapper fusion-column-has-shadow fusion-flex-column-wrapper-legacy\"><div class=\"fusion-image-element in-legacy-container\" style=\"--awb-caption-title-font-family:var(--h2_typography-font-family);--awb-caption-title-font-weight:var(--h2_typography-font-weight);--awb-caption-title-font-style:var(--h2_typography-font-style);--awb-caption-title-size:var(--h2_typography-font-size);--awb-caption-title-transform:var(--h2_typography-text-transform);--awb-caption-title-line-height:var(--h2_typography-line-height);--awb-caption-title-letter-spacing:var(--h2_typography-letter-spacing);\"><span class=\" fusion-imageframe imageframe-glow imageframe-3 hover-type-zoomin\" style=\"-webkit-box-shadow: 0 0 20px rgba(27,32,50,0.3);box-shadow: 0 0 20px rgba(27,32,50,0.3);\"><img decoding=\"async\" width=\"300\" height=\"300\" alt=\"Jason Fredstrom | Vicepresidente Ejecutivo de Leeco Trading\" title=\"JasonFredstrom-LeecoTrading-300&#215;300\" src=\"https:\/\/leecotrading.com\/wp-content\/uploads\/2020\/01\/JasonFredstrom-LeecoTrading-300x300-1.jpg\" class=\"img-responsive wp-image-1526\" srcset=\"https:\/\/leecotrading.com\/wp-content\/uploads\/2020\/01\/JasonFredstrom-LeecoTrading-300x300-1-200x200.jpg 200w, https:\/\/leecotrading.com\/wp-content\/uploads\/2020\/01\/JasonFredstrom-LeecoTrading-300x300-1.jpg 300w\" sizes=\"(max-width: 1000px) 100vw, 300px\" \/><\/span><\/div><div class=\"fusion-sep-clear\"><\/div><div class=\"fusion-separator fusion-full-width-sep\" style=\"margin-left: auto;margin-right: auto;margin-top:5px;margin-bottom:5px;width:100%;\"><\/div><div class=\"fusion-sep-clear\"><\/div><div class=\"fusion-title title fusion-title-4 fusion-sep-none fusion-title-text fusion-title-size-three\" style=\"--awb-margin-top:0px;--awb-margin-bottom:0px;--awb-margin-top-small:0px;--awb-margin-right-small:0px;--awb-margin-bottom-small:20px;--awb-margin-left-small:0px;\"><h3 class=\"fusion-title-heading title-heading-left fusion-responsive-typography-calculated\" style=\"margin:0;--fontSize:26;--minFontSize:26;line-height:1.3;\">Jason Fredstrom<\/h3><\/div><div class=\"fusion-text fusion-text-4\"><p><span style=\"font-size: 14px; font-weight: bold; letter-spacing: 2px;\">Vicepresidente ejecutivo<\/span><\/p>\n<\/div><div class=\"fusion-clearfix\"><\/div><\/div><\/div><div class=\"fusion-layout-column fusion_builder_column fusion-builder-column-5 fusion_builder_column_1_3 1_3 fusion-one-third fusion-column-last fusion-animated\" style=\"--awb-bg-size:cover;--awb-margin-top:0px;--awb-margin-bottom:0px;width:33.333333333333%;width:calc(33.333333333333% - ( ( 0 + 0 ) * 0.33333333333333 ) );\" data-animationType=\"fadeInLeft\" data-animationDuration=\"0.8\" data-animationOffset=\"top-into-view\"><div class=\"fusion-column-wrapper fusion-column-has-shadow fusion-flex-column-wrapper-legacy\"><div class=\"fusion-image-element in-legacy-container\" style=\"--awb-caption-title-font-family:var(--h2_typography-font-family);--awb-caption-title-font-weight:var(--h2_typography-font-weight);--awb-caption-title-font-style:var(--h2_typography-font-style);--awb-caption-title-size:var(--h2_typography-font-size);--awb-caption-title-transform:var(--h2_typography-text-transform);--awb-caption-title-line-height:var(--h2_typography-line-height);--awb-caption-title-letter-spacing:var(--h2_typography-letter-spacing);\"><span class=\" fusion-imageframe imageframe-glow imageframe-4 hover-type-zoomin\" style=\"-webkit-box-shadow: 0 0 20px rgba(27,32,50,0.3);box-shadow: 0 0 20px rgba(27,32,50,0.3);\"><img decoding=\"async\" width=\"300\" height=\"300\" alt=\"Antonio Rosset, Commercial Director of Leeco Trading\" title=\"arosset-300&#215;300\" src=\"https:\/\/leecotrading.com\/wp-content\/uploads\/2022\/06\/arosset-300x300-1.jpg\" class=\"img-responsive wp-image-1774\" srcset=\"https:\/\/leecotrading.com\/wp-content\/uploads\/2022\/06\/arosset-300x300-1-200x200.jpg 200w, https:\/\/leecotrading.com\/wp-content\/uploads\/2022\/06\/arosset-300x300-1.jpg 300w\" sizes=\"(max-width: 1000px) 100vw, 300px\" \/><\/span><\/div><div class=\"fusion-sep-clear\"><\/div><div class=\"fusion-separator fusion-full-width-sep\" style=\"margin-left: auto;margin-right: auto;margin-top:5px;margin-bottom:5px;width:100%;\"><\/div><div class=\"fusion-sep-clear\"><\/div><div class=\"fusion-title title fusion-title-5 fusion-sep-none fusion-title-text fusion-title-size-three\" style=\"--awb-margin-top:0px;--awb-margin-bottom:0px;--awb-margin-top-small:0px;--awb-margin-right-small:0px;--awb-margin-bottom-small:20px;--awb-margin-left-small:0px;\"><h3 class=\"fusion-title-heading title-heading-left fusion-responsive-typography-calculated\" style=\"margin:0;--fontSize:26;--minFontSize:26;line-height:1.3;\">Antonio Rosset<\/h3><\/div><div class=\"fusion-text fusion-text-5\"><p><span style=\"font-size: 14px; font-weight: bold; letter-spacing: 2px;\">Director comercial<\/span><\/p>\n<\/div><div class=\"fusion-clearfix\"><\/div><\/div><\/div><\/div><\/div><\/p>\n","protected":false},"excerpt":{"rendered":"","protected":false},"author":2,"featured_media":0,"parent":0,"menu_order":0,"comment_status":"closed","ping_status":"closed","template":"100-width.php","meta":{"footnotes":""},"class_list":["post-1585","page","type-page","status-publish","hentry"],"aioseo_notices":[],"_links":{"self":[{"href":"https:\/\/leecotrading.com\/es\/wp-json\/wp\/v2\/pages\/1585","targetHints":{"allow":["GET"]}}],"collection":[{"href":"https:\/\/leecotrading.com\/es\/wp-json\/wp\/v2\/pages"}],"about":[{"href":"https:\/\/leecotrading.com\/es\/wp-json\/wp\/v2\/types\/page"}],"author":[{"embeddable":true,"href":"https:\/\/leecotrading.com\/es\/wp-json\/wp\/v2\/users\/2"}],"replies":[{"embeddable":true,"href":"https:\/\/leecotrading.com\/es\/wp-json\/wp\/v2\/comments?post=1585"}],"version-history":[{"count":18,"href":"https:\/\/leecotrading.com\/es\/wp-json\/wp\/v2\/pages\/1585\/revisions"}],"predecessor-version":[{"id":2025,"href":"https:\/\/leecotrading.com\/es\/wp-json\/wp\/v2\/pages\/1585\/revisions\/2025"}],"wp:attachment":[{"href":"https:\/\/leecotrading.com\/es\/wp-json\/wp\/v2\/media?parent=1585"}],"curies":[{"name":"wp","href":"https:\/\/api.w.org\/{rel}","templated":true}]}}