{"id":1579,"date":"2019-10-30T04:14:38","date_gmt":"2019-10-30T04:14:38","guid":{"rendered":"https:\/\/leecotrading.com\/compromiso-con-la-calidad-en-empresa-acerera\/"},"modified":"2023-03-29T16:41:49","modified_gmt":"2023-03-29T16:41:49","slug":"compromiso-con-la-calidad-en-empresa-acerera","status":"publish","type":"page","link":"https:\/\/leecotrading.com\/es\/acerca-de-leeco-steel\/compromiso-con-la-calidad-en-empresa-acerera\/","title":{"rendered":"Compromiso de calidad"},"content":{"rendered":"<div class=\"fusion-fullwidth fullwidth-box fusion-builder-row-1 nonhundred-percent-fullwidth non-hundred-percent-height-scrolling\" style=\"--awb-border-radius-top-left:0px;--awb-border-radius-top-right:0px;--awb-border-radius-bottom-right:0px;--awb-border-radius-bottom-left:0px;--awb-flex-wrap:wrap;\" ><div class=\"fusion-builder-row fusion-row\"><div class=\"fusion-layout-column fusion_builder_column fusion-builder-column-0 fusion_builder_column_1_1 1_1 fusion-one-full fusion-column-first fusion-column-last\" style=\"--awb-bg-size:cover;\"><div class=\"fusion-column-wrapper fusion-column-has-shadow fusion-flex-column-wrapper-legacy\"><div class=\"fusion-title title fusion-title-1 fusion-sep-none fusion-title-text fusion-title-size-two\" style=\"--awb-text-color:#58a4b0;--awb-margin-top-small:0px;--awb-margin-right-small:0px;--awb-margin-bottom-small:20px;--awb-margin-left-small:0px;\"><h2 class=\"fusion-title-heading title-heading-left fusion-responsive-typography-calculated\" style=\"margin:0;--fontSize:46;line-height:1.25;\">Comprometidos con productos de alta calidad y suministrados \u00e9ticamente<\/h2><\/div><div class=\"fusion-sep-clear\"><\/div><div class=\"fusion-separator fusion-full-width-sep\" style=\"margin-left: auto;margin-right: auto;margin-top:20px;width:100%;\"><\/div><div class=\"fusion-sep-clear\"><\/div><div class=\"fusion-text fusion-text-1\"><p>Leeco Trading se compromete a brindar el servicio de m\u00e1s alta calidad a nuestros clientes y suministrar los productos de m\u00e1s alta calidad. El equipo de Leeco Trading visita e inspecciona la calidad de productos producidos por cada uno de nuestros distribuidores, y pasa certificados de aseguramiento de calidad, resultados de pruebas de propiedad y otra documentaci\u00f3n relacionada con nuestros clientes, cuando sea posible.<\/p>\n<p>Adem\u00e1s, Leeco Trading se esfuerza continuamente por mejorar nuestros servicios a trav\u00e9s de retroalimentaci\u00f3n regular de clientes y proveedores. Nuestro equipo toma seriamente toda la retroalimentaci\u00f3n y trabaja arduamente en instrumentar los cambios que benefician a nuestros clientes.<\/p>\n<\/div><div class=\"fusion-clearfix\"><\/div><\/div><\/div><\/div><\/div>\n","protected":false},"excerpt":{"rendered":"","protected":false},"author":2,"featured_media":0,"parent":1585,"menu_order":0,"comment_status":"closed","ping_status":"closed","template":"100-width.php","meta":{"footnotes":""},"class_list":["post-1579","page","type-page","status-publish","hentry"],"aioseo_notices":[],"_links":{"self":[{"href":"https:\/\/leecotrading.com\/es\/wp-json\/wp\/v2\/pages\/1579","targetHints":{"allow":["GET"]}}],"collection":[{"href":"https:\/\/leecotrading.com\/es\/wp-json\/wp\/v2\/pages"}],"about":[{"href":"https:\/\/leecotrading.com\/es\/wp-json\/wp\/v2\/types\/page"}],"author":[{"embeddable":true,"href":"https:\/\/leecotrading.com\/es\/wp-json\/wp\/v2\/users\/2"}],"replies":[{"embeddable":true,"href":"https:\/\/leecotrading.com\/es\/wp-json\/wp\/v2\/comments?post=1579"}],"version-history":[{"count":22,"href":"https:\/\/leecotrading.com\/es\/wp-json\/wp\/v2\/pages\/1579\/revisions"}],"predecessor-version":[{"id":2047,"href":"https:\/\/leecotrading.com\/es\/wp-json\/wp\/v2\/pages\/1579\/revisions\/2047"}],"up":[{"embeddable":true,"href":"https:\/\/leecotrading.com\/es\/wp-json\/wp\/v2\/pages\/1585"}],"wp:attachment":[{"href":"https:\/\/leecotrading.com\/es\/wp-json\/wp\/v2\/media?parent=1579"}],"curies":[{"name":"wp","href":"https:\/\/api.w.org\/{rel}","templated":true}]}}